{"id":191,"date":"2016-03-02T14:39:02","date_gmt":"2016-03-02T13:39:02","guid":{"rendered":"http:\/\/zi.radlin.pl\/zi\/?page_id=191"},"modified":"2016-03-08T10:35:27","modified_gmt":"2016-03-08T09:35:27","slug":"ochrona-zdrowia","status":"publish","type":"page","link":"https:\/\/zi.radlin.pl\/zi\/ochrona-zdrowia\/","title":{"rendered":"Ochrona zdrowia"},"content":{"rendered":"<p style=\"text-align: justify;\"><span style=\"font-size: 12pt; font-family: georgia,palatino,serif;\">W ramach procedury &#8222;Niebieskie Karty&#8221; przedstawiciel ochrony zdrowia ka\u017cdorazowo udziela osobie dotkni\u0119tej przemoc\u0105 w rodzinie informacji o mo\u017cliwo\u015bciach uzyskania pomocy i wsparcia oraz o mo\u017cliwo\u015bci uzyskania bezp\u0142atnego za\u015bwiadczenia lekarskiego o ustaleniu przyczyny i rodzaju uszkodze\u0144 cia\u0142a zwi\u0105zanych z u\u017cyciem przemocy w rodzinie (wz\u00f3r za\u015bwiadczenia).<br \/>\n<\/span><\/p>\n<p><span style=\"font-family: georgia,palatino,serif; font-size: 12pt;\">Poni\u017cej lista plac\u00f3wek ochrony zdrowia wsp\u00f3\u0142pracuj\u0105cych z Zespo\u0142em Interdyscyplinarnym w ramach przeciwdzia\u0142ania przemocy w rodzinie:<\/span><\/p>\n<p>&nbsp;<\/p>\n<div style=\"width: 400px; margin-left: 10px; float: left;\">\n<p style=\"text-align: center;\"><span style=\"font-family: georgia,palatino,serif; font-size: 12pt;\"><strong><span style=\"text-decoration: underline;\">FENIX Psychoterapia Uzale\u017cnie\u0144<\/span><\/strong><\/span><\/p>\n<p style=\"text-align: center;\"><span style=\"font-family: georgia,palatino,serif; font-size: 12pt;\">ul. Paw\u0142a Po\u015bpiecha 1a<\/span><br \/>\n<span style=\"font-family: georgia,palatino,serif; font-size: 12pt;\"> 44-300 Wodzis\u0142aw \u015al\u0105ski<\/span><br \/>\n<span style=\"font-family: georgia,palatino,serif; font-size: 12pt;\"> tel. 603 775 900<\/span><br \/>\n<span style=\"font-family: georgia,palatino,serif; font-size: 12pt;\"> <a href=\"mailto:fenixterapia@op.pl\">Wy\u015blij e-mail<\/a><\/span><br \/>\n<span style=\"font-family: georgia,palatino,serif; font-size: 12pt;\"> <a href=\"http:\/\/www.powstandozycia.pl\" target=\"_blank\">Strona internetowa<\/a><\/span><\/p>\n<\/div>\n<div style=\"float: left;\"><span style=\"font-family: georgia,palatino,serif; font-size: 12pt;\"><iframe style=\"border: 0;\" src=\"https:\/\/www.google.com\/maps\/embed?pb=!1m18!1m12!1m3!1d2564.4855959014412!2d18.45793920084301!3d50.00225299272248!2m3!1f0!2f0!3f0!3m2!1i1024!2i768!4f13.1!3m3!1m2!1s0x471150451e6c420f%3A0x74a941fba2c41c20!2sFundacja+Fenix+Powsta%C5%84+do+%C5%BBycia!5e0!3m2!1spl!2spl!4v1457428708001\" width=\"400\" height=\"300\" frameborder=\"0\" allowfullscreen=\"allowfullscreen\"><\/iframe><\/span><\/div>\n<p>&nbsp;<\/p>\n<p>&nbsp;<\/p>\n<p>&nbsp;<\/p>\n<p>&nbsp;<\/p>\n<p>&nbsp;<\/p>\n<p>&nbsp;<\/p>\n<p>&nbsp;<\/p>\n<p>&nbsp;<\/p>\n<p>&nbsp;<\/p>\n<div style=\"width: 400px; margin-left: 10px; float: left;\">\n<p style=\"text-align: center;\"><span style=\"font-family: georgia,palatino,serif; font-size: 12pt;\"><strong><span style=\"text-decoration: underline;\">NZOZ Wiomed<br \/>\n<\/span><\/strong><\/span><\/p>\n<p style=\"text-align: center;\"><span style=\"font-family: georgia,palatino,serif; font-size: 12pt;\">ul. Ludwika Solskiego 15<\/span><br \/>\n<span style=\"font-family: georgia,palatino,serif; font-size: 12pt;\"> 44-310 Radlin<\/span><br \/>\n<span style=\"font-family: georgia,palatino,serif; font-size: 12pt;\"> tel. 32 456 73 99<\/span><br \/>\n<span style=\"font-family: georgia,palatino,serif; font-size: 12pt;\"> <a href=\"http:\/\/www.wiomed.pl\" target=\"_blank\">Strona internetowa<\/a><\/span><\/p>\n<\/div>\n<div style=\"float: left;\"><span style=\"font-family: georgia,palatino,serif; font-size: 12pt;\"><iframe style=\"border: 0;\" src=\"https:\/\/www.google.com\/maps\/embed?pb=!1m18!1m12!1m3!1d1077.3271218914706!2d18.49019830174643!3d50.0426462175823!2m3!1f0!2f0!3f0!3m2!1i1024!2i768!4f13.1!3m3!1m2!1s0x47114fcf5e3a90a7%3A0xa078a2ee971a00a2!2sLudwika+Solskiego+15%2C+Radlin!5e0!3m2!1spl!2spl!4v1457429004458\" width=\"400\" height=\"300\" frameborder=\"0\" allowfullscreen=\"allowfullscreen\"><\/iframe><\/span><\/div>\n<p>&nbsp;<\/p>\n<p>&nbsp;<\/p>\n<p>&nbsp;<\/p>\n<p>&nbsp;<\/p>\n<p>&nbsp;<\/p>\n<p>&nbsp;<\/p>\n<p>&nbsp;<\/p>\n<p>&nbsp;<\/p>\n<p>&nbsp;<\/p>\n<div style=\"width: 400px; margin-left: 10px; float: left;\">\n<p style=\"text-align: center;\"><span style=\"font-family: georgia,palatino,serif; font-size: 12pt;\"><strong><span style=\"text-decoration: underline;\">NZOZ Medicator<br \/>\n<\/span><\/strong><\/span><\/p>\n<p style=\"text-align: center;\"><span style=\"font-family: georgia,palatino,serif; font-size: 12pt;\">ul. W\u0142adys\u0142awa Orkana 8<\/span><br \/>\n<span style=\"font-family: georgia,palatino,serif; font-size: 12pt;\"> 44-310 Radlin<\/span><br \/>\n<span style=\"font-family: georgia,palatino,serif; font-size: 12pt;\"> tel. 32 729 23 47<\/span><br \/>\n<span style=\"font-family: georgia,palatino,serif; font-size: 12pt;\"> <a href=\"mailto:biuro@medicator.pl\">Wy\u015blij e-mail<\/a><\/span><br \/>\n<span style=\"font-family: georgia,palatino,serif; font-size: 12pt;\"> <a href=\"http:\/\/www.medicator.pl\/\" target=\"_blank\">Strona internetowa<\/a><\/span><\/p>\n<\/div>\n<div style=\"float: left;\"><span style=\"font-family: georgia,palatino,serif; font-size: 12pt;\"><iframe style=\"border: 0;\" src=\"https:\/\/www.google.com\/maps\/embed?pb=!1m18!1m12!1m3!1d2154.4640471144157!2d18.482212036567667!3d50.04688353950106!2m3!1f0!2f0!3f0!3m2!1i1024!2i768!4f13.1!3m3!1m2!1s0x47114fc12750ef1d%3A0xba800a75a6e68a53!2sW%C5%82adys%C5%82awa+Orkana+8%2C+Radlin!5e0!3m2!1spl!2spl!4v1457429371438\" width=\"400\" height=\"300\" frameborder=\"0\" allowfullscreen=\"allowfullscreen\"><\/iframe><\/span><\/div>\n<p>&nbsp;<\/p>\n<p>&nbsp;<\/p>\n<p>&nbsp;<\/p>\n<p>&nbsp;<\/p>\n<p>&nbsp;<\/p>\n<p>&nbsp;<\/p>\n<p>&nbsp;<\/p>\n<p>&nbsp;<\/p>\n<p>&nbsp;<\/p>\n<div style=\"width: 400px; margin-left: 10px; float: left;\">\n<p style=\"text-align: center;\"><span style=\"font-family: georgia,palatino,serif; font-size: 12pt;\"><strong><span style=\"text-decoration: underline;\">NZOZ Centrum<br \/>\n<\/span><\/strong><\/span><\/p>\n<p style=\"text-align: center;\"><span style=\"font-family: georgia,palatino,serif; font-size: 12pt;\">ul. W\u0142adys\u0142awa Orkana 10<\/span><br \/>\n<span style=\"font-family: georgia,palatino,serif; font-size: 12pt;\"> 44-310 Radlin<\/span><br \/>\n<span style=\"font-family: georgia,palatino,serif; font-size: 12pt;\"> tel. <span class=\"lineAdressMy mrgLarge\"><span class=\"txtMy\">32 456 87 42<\/span><\/span><\/span><\/p>\n<\/div>\n<div style=\"float: left;\"><span style=\"font-family: georgia,palatino,serif; font-size: 12pt;\"><iframe style=\"border: 0;\" src=\"https:\/\/www.google.com\/maps\/embed?pb=!1m18!1m12!1m3!1d761.729466928882!2d18.485755196558657!3d50.046165320097856!2m3!1f0!2f0!3f0!3m2!1i1024!2i768!4f13.1!3m3!1m2!1s0x47114fc6ddee63d5%3A0xf5e69ee6b4f69c6d!2sW%C5%82adys%C5%82awa+Orkana+10%2C+Radlin!5e0!3m2!1spl!2spl!4v1457429508826\" width=\"400\" height=\"300\" frameborder=\"0\" allowfullscreen=\"allowfullscreen\"><\/iframe><\/span><\/div>\n<p>&nbsp;<\/p>\n<p>&nbsp;<\/p>\n<p>&nbsp;<\/p>\n<p>&nbsp;<\/p>\n<p>&nbsp;<\/p>\n<p>&nbsp;<\/p>\n<p>&nbsp;<\/p>\n<p>&nbsp;<\/p>\n<p>&nbsp;<\/p>\n<div style=\"width: 400px; margin-left: 10px; float: left;\">\n<p style=\"text-align: center;\"><span style=\"font-family: georgia,palatino,serif; font-size: 12pt;\"><strong><span style=\"text-decoration: underline;\">NZOZ Transmed<br \/>\n<\/span><\/strong><\/span><\/p>\n<p style=\"text-align: center;\"><span style=\"font-family: georgia,palatino,serif; font-size: 12pt;\">ul. W\u0142adys\u0142awa Reymonta 9<\/span><br \/>\n<span style=\"font-family: georgia,palatino,serif; font-size: 12pt;\"> 44-310 Radlin<\/span><br \/>\n<span style=\"font-family: georgia,palatino,serif; font-size: 12pt;\"> tel. 32 456 00 36<\/span><br \/>\n<span style=\"font-family: georgia,palatino,serif; font-size: 12pt;\"> <a href=\"mailto:biuro@transmed.pl\">Wy\u015blij e-mail<\/a><\/span><br \/>\n<span style=\"font-family: georgia,palatino,serif; font-size: 12pt;\"> <a href=\"http:\/\/www.transmed.pl\" target=\"_blank\">Strona internetowa<\/a><\/span><\/p>\n<\/div>\n<div style=\"float: left;\"><span style=\"font-family: georgia,palatino,serif; font-size: 12pt;\"><iframe style=\"border: 0;\" src=\"https:\/\/www.google.com\/maps\/embed?pb=!1m18!1m12!1m3!1d1077.2674661129436!2d18.44884137525491!3d50.04530434675308!2m3!1f0!2f0!3f0!3m2!1i1024!2i768!4f13.1!3m3!1m2!1s0x47114ff79e5d3adf%3A0xff4801fdf2e6205!2sW%C5%82adys%C5%82awa+Reymonta+9%2C+Radlin!5e0!3m2!1spl!2spl!4v1457429636759\" width=\"400\" height=\"300\" frameborder=\"0\" allowfullscreen=\"allowfullscreen\"><\/iframe><\/span><\/div>\n<p>&nbsp;<\/p>\n<p>&nbsp;<\/p>\n<p>&nbsp;<\/p>\n<p>&nbsp;<\/p>\n<p>&nbsp;<\/p>\n<p>&nbsp;<\/p>\n<p>&nbsp;<\/p>\n<p>&nbsp;<\/p>\n<p>&nbsp;<\/p>\n","protected":false},"excerpt":{"rendered":"<p>W ramach procedury &#8222;Niebieskie Karty&#8221; przedstawiciel ochrony zdrowia ka\u017cdorazowo udziela osobie dotkni\u0119tej przemoc\u0105 w rodzinie informacji o mo\u017cliwo\u015bciach uzyskania pomocy i wsparcia oraz o mo\u017cliwo\u015bci uzyskania bezp\u0142atnego za\u015bwiadczenia lekarskiego o ustaleniu przyczyny i rodzaju uszkodze\u0144 cia\u0142a zwi\u0105zanych z u\u017cyciem przemocy w rodzinie (wz\u00f3r za\u015bwiadczenia). Poni\u017cej lista plac\u00f3wek ochrony zdrowia wsp\u00f3\u0142pracuj\u0105cych z Zespo\u0142em Interdyscyplinarnym w ramach <a href=\"https:\/\/zi.radlin.pl\/zi\/ochrona-zdrowia\/\" rel=\"nofollow\"><span class=\"sr-only\">Read more about Ochrona zdrowia<\/span>[&hellip;]<\/a><\/p>\n","protected":false},"author":1,"featured_media":0,"parent":0,"menu_order":0,"comment_status":"closed","ping_status":"closed","template":"","meta":{"footnotes":""},"class_list":["post-191","page","type-page","status-publish","hentry"],"aioseo_notices":[],"_links":{"self":[{"href":"https:\/\/zi.radlin.pl\/zi\/wp-json\/wp\/v2\/pages\/191","targetHints":{"allow":["GET"]}}],"collection":[{"href":"https:\/\/zi.radlin.pl\/zi\/wp-json\/wp\/v2\/pages"}],"about":[{"href":"https:\/\/zi.radlin.pl\/zi\/wp-json\/wp\/v2\/types\/page"}],"author":[{"embeddable":true,"href":"https:\/\/zi.radlin.pl\/zi\/wp-json\/wp\/v2\/users\/1"}],"replies":[{"embeddable":true,"href":"https:\/\/zi.radlin.pl\/zi\/wp-json\/wp\/v2\/comments?post=191"}],"version-history":[{"count":0,"href":"https:\/\/zi.radlin.pl\/zi\/wp-json\/wp\/v2\/pages\/191\/revisions"}],"wp:attachment":[{"href":"https:\/\/zi.radlin.pl\/zi\/wp-json\/wp\/v2\/media?parent=191"}],"curies":[{"name":"wp","href":"https:\/\/api.w.org\/{rel}","templated":true}]}}