{"id":209,"date":"2016-03-17T13:51:33","date_gmt":"2016-03-17T12:51:33","guid":{"rendered":"http:\/\/zi.radlin.pl\/zi\/?page_id=209"},"modified":"2018-11-19T07:42:55","modified_gmt":"2018-11-19T06:42:55","slug":"linki","status":"publish","type":"page","link":"https:\/\/zi.radlin.pl\/zi\/linki\/","title":{"rendered":"Linki &#8211; strony dotycz\u0105ce przeciwdzia\u0142aniu przemocy w rodzinie"},"content":{"rendered":"<p><span style=\"font-size: 12pt; font-family: georgia,palatino,serif;\"><strong><span style=\"text-decoration: underline;\">Instytucje publiczne:<\/span><\/strong><\/span><\/p>\n<ul>\n<li><span style=\"font-size: 12pt; font-family: georgia,palatino,serif;\"><a href=\"http:\/\/www.mpips.gov.pl\/przeciwdzialanie-przemocy-w-rodzinie-nowa\/\" target=\"_blank\" rel=\"noopener\">Ministerstwo Rodziny, Pracy i Polityki Spo\u0142ecznej<\/a><\/span><\/li>\n<li><span style=\"font-size: 12pt; font-family: georgia,palatino,serif;\"><a href=\"http:\/\/www.katowice.uw.gov.pl\/usluga\/przeciwdzialanie-przemocy-w-rodzinie\/informacja-dla-osob\" target=\"_blank\" rel=\"noopener\">\u015al\u0105ski Urz\u0105d Wojew\u00f3dzki w Katowicach<\/a><\/span><\/li>\n<li><span style=\"font-size: 12pt; font-family: georgia,palatino,serif;\"><a href=\"https:\/\/mswia.gov.pl\/pl\/tagi\/697,przeciwdzialanie-przemocy-w-rodzinie.html\" target=\"_blank\" rel=\"noopener\">Ministerstwo Spraw Wewn\u0119trznych i Administracji<\/a><\/span><\/li>\n<li><span style=\"font-size: 12pt; font-family: georgia,palatino,serif;\"><a href=\"http:\/\/www.policja.pl\/pol\/kgp\/biuro-prewencji\/wydzial-prewencji\/przeciwdzialanie-przemo\" target=\"_blank\" rel=\"noopener\">Policja<\/a><\/span><\/li>\n<li><span style=\"font-size: 12pt; font-family: georgia,palatino,serif;\"><a href=\"http:\/\/www.pcpr-wodzislaw.pl\/strony1.php?kat=10&amp;men=20\" target=\"_blank\" rel=\"noopener\">Powiatowy Specjalistyczny O\u015brodek Wsparcia dla Ofiar Przemocy w Rodzinie w Wodzis\u0142awiu \u015al\u0105skim<\/a><\/span><\/li>\n<\/ul>\n<p><span style=\"font-size: 12pt; font-family: georgia,palatino,serif;\"><strong><span style=\"text-decoration: underline;\">Organizacje pozarz\u0105dowe:<\/span><\/strong><\/span><\/p>\n<ul>\n<li><span style=\"font-size: 12pt; font-family: georgia,palatino,serif;\"><a href=\"http:\/\/www.niebieskalinia.pl\/\" target=\"_blank\" rel=\"noopener\">Og\u00f3lnopolskie Pogotowie dla Ofiar Przemocy w Rodzinie &#8222;Niebieska Linia&#8221;<\/a><\/span><\/li>\n<li><span style=\"font-size: 12pt; font-family: georgia,palatino,serif;\"><a href=\"http:\/\/niebieskalinia.org\/\" target=\"_blank\" rel=\"noopener\">Stowarzyszenie na Rzecz Przeciwdzia\u0142ania Przemocy w Rodzinie &#8222;Niebieska Linia&#8221;<\/a><\/span><\/li>\n<\/ul>\n","protected":false},"excerpt":{"rendered":"<p>Instytucje publiczne: Ministerstwo Rodziny, Pracy i Polityki Spo\u0142ecznej \u015al\u0105ski Urz\u0105d Wojew\u00f3dzki w Katowicach Ministerstwo Spraw Wewn\u0119trznych i Administracji Policja Powiatowy Specjalistyczny O\u015brodek Wsparcia dla Ofiar Przemocy w Rodzinie w Wodzis\u0142awiu \u015al\u0105skim Organizacje pozarz\u0105dowe: Og\u00f3lnopolskie Pogotowie dla Ofiar Przemocy w Rodzinie &#8222;Niebieska Linia&#8221; Stowarzyszenie na Rzecz Przeciwdzia\u0142ania Przemocy w Rodzinie &#8222;Niebieska Linia&#8221;<\/p>\n","protected":false},"author":1,"featured_media":0,"parent":0,"menu_order":0,"comment_status":"closed","ping_status":"closed","template":"","meta":{"footnotes":""},"class_list":["post-209","page","type-page","status-publish","hentry"],"aioseo_notices":[],"_links":{"self":[{"href":"https:\/\/zi.radlin.pl\/zi\/wp-json\/wp\/v2\/pages\/209","targetHints":{"allow":["GET"]}}],"collection":[{"href":"https:\/\/zi.radlin.pl\/zi\/wp-json\/wp\/v2\/pages"}],"about":[{"href":"https:\/\/zi.radlin.pl\/zi\/wp-json\/wp\/v2\/types\/page"}],"author":[{"embeddable":true,"href":"https:\/\/zi.radlin.pl\/zi\/wp-json\/wp\/v2\/users\/1"}],"replies":[{"embeddable":true,"href":"https:\/\/zi.radlin.pl\/zi\/wp-json\/wp\/v2\/comments?post=209"}],"version-history":[{"count":0,"href":"https:\/\/zi.radlin.pl\/zi\/wp-json\/wp\/v2\/pages\/209\/revisions"}],"wp:attachment":[{"href":"https:\/\/zi.radlin.pl\/zi\/wp-json\/wp\/v2\/media?parent=209"}],"curies":[{"name":"wp","href":"https:\/\/api.w.org\/{rel}","templated":true}]}}