{"id":398,"date":"2016-10-06T09:56:31","date_gmt":"2016-10-06T07:56:31","guid":{"rendered":"http:\/\/zi.radlin.pl\/zi\/?page_id=398"},"modified":"2025-04-14T13:09:59","modified_gmt":"2025-04-14T11:09:59","slug":"pracownicy-socjalni-ops","status":"publish","type":"page","link":"https:\/\/zi.radlin.pl\/zi\/pracownicy-socjalni-ops\/","title":{"rendered":"Pracownicy socjalni OPS"},"content":{"rendered":"<p style=\"text-align: justify;\"><span style=\"font-family: georgia, palatino, serif; font-size: 12pt;\">Pracownicy socjalni OPS w Radlinie realizuj\u0105cy dzia\u0142ania w obszarze przeciwdzia\u0142ania przemocy domowej, tworz\u0105 zesp\u00f3\u0142 wyodr\u0119bniony z Referatu Pomocy Spo\u0142ecznej. Pracownicy wspieraj\u0105 rodziny zagro\u017cone problemem przemocy dzia\u0142aj\u0105c zar\u00f3wno w siedzibie OPS przy ul. Ludwika Solskiego 15, jak r\u00f3wnie\u017c prowadz\u0105c prace w \u015brodowisku &#8211; miejscu zamieszkania rodzin.<br \/>\n<\/span><\/p>\n<p align=\"justify\"><span style=\"font-family: georgia, palatino, serif; font-size: 12pt;\"><strong><br \/>\nKatarzyna Boruszko<\/strong> (tel. 32 440 74 40)<\/span><\/p>\n<p align=\"justify\"><span style=\"font-family: georgia, palatino, serif; font-size: 12pt;\"><strong>Pawe\u0142 Cebula<\/strong> (tel. 32 440 74 40):<\/span><\/p>\n<p style=\"text-align: justify;\"><span style=\"font-family: georgia, palatino, serif; font-size: 12pt;\"><br \/>\nPracownicy socjalni OPS w procedurze \u201eNiebieskie Karty\u201d realizuj\u0105 takie zadania jak np.:<\/span><\/p>\n<ul>\n<li style=\"text-align: justify;\"><span style=\"font-family: georgia, palatino, serif; font-size: 12pt;\">diagnoza sytuacji i potrzeb rodziny,<\/span><\/li>\n<li style=\"text-align: justify;\"><span style=\"font-family: georgia, palatino, serif; font-size: 12pt;\">udzielenie kompleksowych informacji dotycz\u0105cych:<\/span>\n<ul>\n<li><span style=\"font-family: georgia, palatino, serif; font-size: 12pt;\">mo\u017cliwo\u015bci uzyskania pomocy (w szczeg\u00f3lno\u015bci psychologicznej, prawnej, socjalnej, pedagogicznej) oraz wsparcia,<\/span><\/li>\n<li><span style=\"font-family: georgia, palatino, serif; font-size: 12pt;\">formach pomocy dzieciom doznaj\u0105cym przemocy,<\/span><\/li>\n<li><span style=\"font-family: georgia, palatino, serif; font-size: 12pt;\">mo\u017cliwo\u015bciach podj\u0119cia dalszych dzia\u0142a\u0144 maj\u0105cych poprawi\u0107 obecn\u0105 sytuacj\u0119;<\/span><\/li>\n<\/ul>\n<\/li>\n<li style=\"text-align: justify;\"><span style=\"font-family: georgia, palatino, serif; font-size: 12pt;\">organizowanie dost\u0119pu do pomocy medycznej dla osoby dotkni\u0119tej przemoc\u0105;<\/span><\/li>\n<li style=\"text-align: justify;\"><span style=\"font-family: georgia, palatino, serif; font-size: 12pt;\">zapewnienie osobie dotkni\u0119tej przemoc\u0105 domow\u0105 schronienia w ca\u0142odobowej plac\u00f3wce \u015bwiadcz\u0105cej pomoc (m.in. w specjalistycznych o\u015brodkach wsparcia);<\/span><\/li>\n<li style=\"text-align: justify;\"><span style=\"font-family: georgia, palatino, serif; font-size: 12pt;\">prowadzenie rozm\u00f3w z osobami mog\u0105cymi stosowa\u0107 przemoc domow\u0105 na temat konsekwencji jej stosowania oraz mo\u017cliwo\u015bciach uzyskania wsparcia (np. podj\u0119cie leczenia lub terapii i udzia\u0142 w programach korekcyjno-edukacyjnych).<\/span><\/li>\n<\/ul>\n","protected":false},"excerpt":{"rendered":"<p>Pracownicy socjalni OPS w Radlinie realizuj\u0105cy dzia\u0142ania w obszarze przeciwdzia\u0142ania przemocy domowej, tworz\u0105 zesp\u00f3\u0142 wyodr\u0119bniony z Referatu Pomocy Spo\u0142ecznej. Pracownicy wspieraj\u0105 rodziny zagro\u017cone problemem przemocy dzia\u0142aj\u0105c zar\u00f3wno w siedzibie OPS przy ul. Ludwika Solskiego 15, jak r\u00f3wnie\u017c prowadz\u0105c prace w \u015brodowisku &#8211; miejscu zamieszkania rodzin. Katarzyna Boruszko (tel. 32 440 74 40) Pawe\u0142 Cebula (tel. <a href=\"https:\/\/zi.radlin.pl\/zi\/pracownicy-socjalni-ops\/\" rel=\"nofollow\"><span class=\"sr-only\">Read more about Pracownicy socjalni OPS<\/span>[&hellip;]<\/a><\/p>\n","protected":false},"author":1,"featured_media":0,"parent":0,"menu_order":0,"comment_status":"closed","ping_status":"closed","template":"","meta":{"footnotes":""},"class_list":["post-398","page","type-page","status-publish","hentry"],"aioseo_notices":[],"_links":{"self":[{"href":"https:\/\/zi.radlin.pl\/zi\/wp-json\/wp\/v2\/pages\/398","targetHints":{"allow":["GET"]}}],"collection":[{"href":"https:\/\/zi.radlin.pl\/zi\/wp-json\/wp\/v2\/pages"}],"about":[{"href":"https:\/\/zi.radlin.pl\/zi\/wp-json\/wp\/v2\/types\/page"}],"author":[{"embeddable":true,"href":"https:\/\/zi.radlin.pl\/zi\/wp-json\/wp\/v2\/users\/1"}],"replies":[{"embeddable":true,"href":"https:\/\/zi.radlin.pl\/zi\/wp-json\/wp\/v2\/comments?post=398"}],"version-history":[{"count":0,"href":"https:\/\/zi.radlin.pl\/zi\/wp-json\/wp\/v2\/pages\/398\/revisions"}],"wp:attachment":[{"href":"https:\/\/zi.radlin.pl\/zi\/wp-json\/wp\/v2\/media?parent=398"}],"curies":[{"name":"wp","href":"https:\/\/api.w.org\/{rel}","templated":true}]}}