{"id":435,"date":"2016-11-03T14:37:35","date_gmt":"2016-11-03T13:37:35","guid":{"rendered":"http:\/\/zi.radlin.pl\/zi\/?page_id=435"},"modified":"2024-08-08T13:33:06","modified_gmt":"2024-08-08T11:33:06","slug":"pik","status":"publish","type":"page","link":"https:\/\/zi.radlin.pl\/zi\/pik\/","title":{"rendered":"Punkt Interwencji Kryzysowej"},"content":{"rendered":"\n<p>W O\u015brodku Pomocy Spo\u0142ecznej w Radlinie funkcjonuje Punkt Interwencji Kryzysowej wraz z Punktem Konsultacyjnym dla rodzin, \u015bwiadcz\u0105ce specjalistyczne wsparcie dla rodzin, zw\u0142aszcza rodzin dotkni\u0119tych przemoc\u0105 w rodzinie.<\/p>\n\n\n\n<p><strong>Wsparcie psychologiczne mo\u017cna uzyska\u0107 r\u00f3wnie\u017c ZDALNIE<\/strong>:<\/p>\n\n\n\n<ul class=\"wp-block-list\">\n<li>telefon: <span style=\"color: #ff0000;\"><strong>737 265 292<\/strong><\/span><\/li>\n\n\n\n<li>e-mail: <a style=\"color: #3366ff;\" href=\"mailto:pomocpsychologiczna.ops@radlin.pl\" target=\"_blank\" rel=\"noopener noreferrer\">pomocpsychologiczna.ops@radlin.pl<\/a><\/li>\n\n\n\n<li>komunikator Skype:\u00a0pomocpsychologiczna.ops@radlin.pl<\/li>\n<\/ul>\n\n\n\n<p><strong>Prosimy o wcze\u015bniejsze uzgodnienie terminu wsparcia telefonicznie pod nr 737 265 292 (w poniedzia\u0142ki i \u015brody w godzinach 8:00-14:00).<\/strong><\/p>\n\n\n\n<p>Podstawowym celem PIK jest udzielanie wsparcia w formie poradnictwa (m.in. psychologicznego i&nbsp;socjalnego) osobom i rodzinom znajduj\u0105cym si\u0119 w sytuacji kryzysowej. Prowadzone dzia\u0142ania polegaj\u0105 m.in. na:<\/p>\n\n\n\n<ul class=\"wp-block-list\">\n<li>wsparciu psychologicznym;<\/li>\n\n\n\n<li>psychoedukacji w zakresie zwi\u0105zanym z przemoc\u0105 w rodzinie;<\/li>\n\n\n\n<li>wypracowaniu spos\u00f3b radzenia sobie z kryzysem;<\/li>\n\n\n\n<li>budowaniu motywacji do pozytywnych zmian;<\/li>\n\n\n\n<li>wzmocnieniu kompetencji opieku\u0144czo-wychowawczych rodzic\u00f3w;<\/li>\n\n\n\n<li>organizowaniu schronienia dla os\u00f3b dotkni\u0119tych przemoc\u0105 w rodzinie;<\/li>\n\n\n\n<li>pracy socjalnej z rodzinami.<\/li>\n<\/ul>\n\n\n\n<p>Kontakt z pracownikami Punktu Interwencji Kryzysowej jest mo\u017cliwy zar\u00f3wno osobi\u015bcie, jak i telefonicznie (<strong><span style=\"color: #ff0000;\">32 440 74 41<\/span><\/strong>). W ramach PIK pomocy udzielaj\u0105 specjali\u015bci z zakresu przeciwdzia\u0142ania przemocy w&nbsp;rodzinie, kt\u00f3rzy posiadaj\u0105 wiedz\u0119 i do\u015bwiadczenie niezb\u0119dne do udzielenia profesjonalnej pomocy w&nbsp;sytuacji kryzysowej m.in.:<\/p>\n\n\n\n<ul class=\"wp-block-list\">\n<li>studia wy\u017csze z zakresu psychologii, pedagogiki, socjologii;<\/li>\n\n\n\n<li>specjalizacj\u0119 II stopnia w zawodzie pracownika socjalnego o specjalno\u015bci pracy socjalnej z\u00a0osob\u0105 i\u00a0rodzin\u0105 z problemem przemocy;<\/li>\n\n\n\n<li>studium przeciwdzia\u0142ania przemocy w rodzinie (kurs I i II stopnia);<\/li>\n\n\n\n<li>szkolenia z zakresu przeciwdzia\u0142ania przemocy w rodzinie.<\/li>\n<\/ul>\n\n\n\n<p>Poza&nbsp;godzinami pracy Punktu pomoc i informacje mo\u017cna uzyska\u0107:<\/p>\n\n\n\n<figure class=\"wp-block-table\"><table class=\"has-fixed-layout\"><tbody><tr><td class=\"has-text-align-center\" data-align=\"center\"><strong>Powiatowy Specjalistyczny O\u015brodek<\/strong><br><strong>Wsparcia dla Ofiar Przemocy <\/strong><br><strong>w Rodzinie<br><\/strong>44-300 Wodzis\u0142aw \u015al. ul. Wa\u0142owa 30<br>telefon ca\u0142odobowy: 32 455 60 32<\/td><td class=\"has-text-align-center\" data-align=\"center\"><strong>Og\u00f3lnopolskie Pogotowie dla Ofiar<\/strong><br><strong>Przemocy w Rodzinie<\/strong><br><strong>&#8222;Niebieska Linia&#8221;<\/strong><br>telefon ca\u0142odobowy: 801 12 00 02<\/td><td class=\"has-text-align-center\" data-align=\"center\"><strong>Komisariat Policji<br>w Radlinie<\/strong><br>44-310 Radlin, ul. Mariacka 93<br>telefon ca\u0142odobowy: 47 855 57 10<\/td><\/tr><\/tbody><\/table><\/figure>\n\n\n\n<p><a style=\"color: #000000;\" href=\"http:\/\/zi.radlin.pl\/zi\/wp-content\/uploads\/2021\/10\/(2021-10-01)_PIK_plakat_final.pdf\" target=\"_blank\" rel=\"noopener\">Punkt Interwencji Kryzysowej i Punkt Konsultacyjny dla Rodzin &#8211; PLAKAT<\/a><\/p>\n","protected":false},"excerpt":{"rendered":"<p>W O\u015brodku Pomocy Spo\u0142ecznej w Radlinie funkcjonuje Punkt Interwencji Kryzysowej wraz z Punktem Konsultacyjnym dla rodzin, \u015bwiadcz\u0105ce specjalistyczne wsparcie dla rodzin, zw\u0142aszcza rodzin dotkni\u0119tych przemoc\u0105 w rodzinie. Wsparcie psychologiczne mo\u017cna uzyska\u0107 r\u00f3wnie\u017c ZDALNIE: Prosimy o wcze\u015bniejsze uzgodnienie terminu wsparcia telefonicznie pod nr 737 265 292 (w poniedzia\u0142ki i \u015brody w godzinach 8:00-14:00). Podstawowym celem PIK <a href=\"https:\/\/zi.radlin.pl\/zi\/pik\/\" rel=\"nofollow\"><span class=\"sr-only\">Read more about Punkt Interwencji Kryzysowej<\/span>[&hellip;]<\/a><\/p>\n","protected":false},"author":1,"featured_media":466,"parent":0,"menu_order":0,"comment_status":"closed","ping_status":"closed","template":"","meta":{"footnotes":""},"class_list":["post-435","page","type-page","status-publish","has-post-thumbnail","hentry"],"aioseo_notices":[],"_links":{"self":[{"href":"https:\/\/zi.radlin.pl\/zi\/wp-json\/wp\/v2\/pages\/435","targetHints":{"allow":["GET"]}}],"collection":[{"href":"https:\/\/zi.radlin.pl\/zi\/wp-json\/wp\/v2\/pages"}],"about":[{"href":"https:\/\/zi.radlin.pl\/zi\/wp-json\/wp\/v2\/types\/page"}],"author":[{"embeddable":true,"href":"https:\/\/zi.radlin.pl\/zi\/wp-json\/wp\/v2\/users\/1"}],"replies":[{"embeddable":true,"href":"https:\/\/zi.radlin.pl\/zi\/wp-json\/wp\/v2\/comments?post=435"}],"version-history":[{"count":0,"href":"https:\/\/zi.radlin.pl\/zi\/wp-json\/wp\/v2\/pages\/435\/revisions"}],"wp:featuredmedia":[{"embeddable":true,"href":"https:\/\/zi.radlin.pl\/zi\/wp-json\/wp\/v2\/media\/466"}],"wp:attachment":[{"href":"https:\/\/zi.radlin.pl\/zi\/wp-json\/wp\/v2\/media?parent=435"}],"curies":[{"name":"wp","href":"https:\/\/api.w.org\/{rel}","templated":true}]}}