{"id":93,"date":"2016-02-29T14:10:54","date_gmt":"2016-02-29T13:10:54","guid":{"rendered":"http:\/\/zi.radlin.pl\/zi\/?page_id=93"},"modified":"2016-11-23T16:22:02","modified_gmt":"2016-11-23T15:22:02","slug":"pomoc-spoleczna","status":"publish","type":"page","link":"https:\/\/zi.radlin.pl\/zi\/pomoc-spoleczna\/","title":{"rendered":"Pomoc spo\u0142eczna"},"content":{"rendered":"<p style=\"text-align: justify;\"><span style=\"font-family: georgia,palatino,serif; font-size: 12pt;\">Do zada\u0144 pracownik\u00f3w socjalnych przewidzianych do realizacji w procedurze &#8222;Niebieskie Karty&#8221; nale\u017cy m.in.:<\/span><\/p>\n<ul>\n<li style=\"text-align: justify;\"><span style=\"font-family: georgia,palatino,serif; font-size: 12pt;\">diagnoza sytuacji i potrzeb rodziny,<\/span><\/li>\n<li><span style=\"font-family: georgia,palatino,serif; font-size: 12pt;\">udzielenie kompleksowych informacji dotycz\u0105cych:<\/span>\n<ul>\n<li style=\"text-align: justify;\"><span style=\"font-family: georgia,palatino,serif; font-size: 12pt;\">mo\u017cliwo\u015bci uzyskania pomocy (w szczeg\u00f3lno\u015bci psychologicznej, prawnej, socjalnej, pedagogicznej) oraz wsparcia,<\/span><\/li>\n<li style=\"text-align: justify;\"><span style=\"font-family: georgia,palatino,serif; font-size: 12pt;\">formach pomocy dzieciom doznaj\u0105cym przemocy,<\/span><\/li>\n<li style=\"text-align: justify;\"><span style=\"font-family: georgia,palatino,serif; font-size: 12pt;\">mo\u017cliwo\u015bciach podj\u0119cia dalszych dzia\u0142a\u0144 maj\u0105cych poprawi\u0107 obecn\u0105 sytuacj\u0119;<\/span><\/li>\n<\/ul>\n<\/li>\n<li style=\"text-align: justify;\"><span style=\"font-family: georgia,palatino,serif; font-size: 12pt;\">organizowanie dost\u0119pu do pomocy medycznej dla osoby dotkni\u0119tej przemoc\u0105;<\/span><\/li>\n<li style=\"text-align: justify;\"><span style=\"font-family: georgia,palatino,serif; font-size: 12pt;\">zapewnienie osoby dotkni\u0119tej przemoc\u0105 w rodzinie schronienia w ca\u0142odobowej plac\u00f3wce \u015bwiadcz\u0105cej pomoc (m.in. w specjalistycznych o\u015brodkach wsparcia);<\/span><\/li>\n<li style=\"text-align: justify;\"><span style=\"font-family: georgia,palatino,serif; font-size: 12pt;\">prowadzenie rozm\u00f3w z osobami mog\u0105cymi stosowa\u0107 przemoc w rodzinie na temat konsekwencji stosowania przemocy oraz mo\u017cliwo\u015bciach uzyskania wsparcia (np. podj\u0119cie leczenia lub terapii i udzia\u0142 w programach korekcyjno-edukacyjnych).<\/span><\/li>\n<\/ul>\n<p>&nbsp;<\/p>\n<div style=\"width: 400px; margin-left: 10px; float: left;\">\n<p style=\"text-align: center;\"><span style=\"font-family: georgia,palatino,serif; font-size: 12pt;\"><strong><span style=\"text-decoration: underline;\">O\u015brodek Pomocy Spo\u0142ecznej w Radlinie<\/span><\/strong><\/span><\/p>\n<p style=\"text-align: center;\"><span style=\"font-family: georgia,palatino,serif; font-size: 12pt;\">ul. Ludwika Solskiego 15<\/span><br \/>\n<span style=\"font-family: georgia,palatino,serif; font-size: 12pt;\"> 44-310 Radlin<\/span><br \/>\n<span style=\"font-family: georgia,palatino,serif; font-size: 12pt;\"> tel. 32 456 72 31, 32 456 73 63<\/span><br \/>\n<span style=\"font-family: georgia,palatino,serif; font-size: 12pt;\"> <a href=\"mailto:ops@radlin.pl\">Wy\u015blij e-mail<\/a><\/span><br \/>\n<span style=\"font-family: georgia,palatino,serif; font-size: 12pt;\"> <a href=\"http:\/\/www.ops.radlin.pl\" target=\"_blank\">Strona internetowa<\/a><\/span><\/p>\n<\/div>\n<div style=\"float: left;\"><span style=\"font-family: georgia,palatino,serif; font-size: 12pt;\"><iframe style=\"border: 0;\" src=\"https:\/\/www.google.com\/maps\/embed?pb=!1m18!1m12!1m3!1d1281.174738739468!2d18.490784115501896!3d50.04228425656096!2m3!1f0!2f0!3f0!3m2!1i1024!2i768!4f13.1!3m3!1m2!1s0x0000000000000000%3A0x267a1d781c987dbe!2sO%C5%9Brodek+Pomocy+Spo%C5%82ecznej+w+Radlinie!5e0!3m2!1spl!2spl!4v1456913532376\" width=\"400\" height=\"300\" frameborder=\"0\" allowfullscreen=\"allowfullscreen\"><\/iframe><\/span><\/div>\n<p>&nbsp;<\/p>\n<p>&nbsp;<\/p>\n<p>&nbsp;<\/p>\n<p>&nbsp;<\/p>\n<p>&nbsp;<\/p>\n<p>&nbsp;<\/p>\n<p>&nbsp;<\/p>\n<p>&nbsp;<\/p>\n<p style=\"text-align: justify;\"><span style=\"font-family: georgia, palatino, serif;\"><a href=\"http:\/\/zi.radlin.pl\/zi\/pracownicy-socjalni-ops\/\">Pracownicy socjalni O\u015brodka Pomocy Spo\u0142ecznej w Radlinie realizuj\u0105cy zadania zwi\u0105zane z przeciwdzia\u0142aniem przemocy w rodzinie (kliknij tutaj).<\/a><\/span><\/p>\n<p>&nbsp;<\/p>\n","protected":false},"excerpt":{"rendered":"<p>Do zada\u0144 pracownik\u00f3w socjalnych przewidzianych do realizacji w procedurze &#8222;Niebieskie Karty&#8221; nale\u017cy m.in.: diagnoza sytuacji i potrzeb rodziny, udzielenie kompleksowych informacji dotycz\u0105cych: mo\u017cliwo\u015bci uzyskania pomocy (w szczeg\u00f3lno\u015bci psychologicznej, prawnej, socjalnej, pedagogicznej) oraz wsparcia, formach pomocy dzieciom doznaj\u0105cym przemocy, mo\u017cliwo\u015bciach podj\u0119cia dalszych dzia\u0142a\u0144 maj\u0105cych poprawi\u0107 obecn\u0105 sytuacj\u0119; organizowanie dost\u0119pu do pomocy medycznej dla osoby dotkni\u0119tej przemoc\u0105; <a href=\"https:\/\/zi.radlin.pl\/zi\/pomoc-spoleczna\/\" rel=\"nofollow\"><span class=\"sr-only\">Read more about Pomoc spo\u0142eczna<\/span>[&hellip;]<\/a><\/p>\n","protected":false},"author":1,"featured_media":88,"parent":0,"menu_order":0,"comment_status":"closed","ping_status":"closed","template":"","meta":{"footnotes":""},"class_list":["post-93","page","type-page","status-publish","has-post-thumbnail","hentry"],"aioseo_notices":[],"_links":{"self":[{"href":"https:\/\/zi.radlin.pl\/zi\/wp-json\/wp\/v2\/pages\/93","targetHints":{"allow":["GET"]}}],"collection":[{"href":"https:\/\/zi.radlin.pl\/zi\/wp-json\/wp\/v2\/pages"}],"about":[{"href":"https:\/\/zi.radlin.pl\/zi\/wp-json\/wp\/v2\/types\/page"}],"author":[{"embeddable":true,"href":"https:\/\/zi.radlin.pl\/zi\/wp-json\/wp\/v2\/users\/1"}],"replies":[{"embeddable":true,"href":"https:\/\/zi.radlin.pl\/zi\/wp-json\/wp\/v2\/comments?post=93"}],"version-history":[{"count":0,"href":"https:\/\/zi.radlin.pl\/zi\/wp-json\/wp\/v2\/pages\/93\/revisions"}],"wp:featuredmedia":[{"embeddable":true,"href":"https:\/\/zi.radlin.pl\/zi\/wp-json\/wp\/v2\/media\/88"}],"wp:attachment":[{"href":"https:\/\/zi.radlin.pl\/zi\/wp-json\/wp\/v2\/media?parent=93"}],"curies":[{"name":"wp","href":"https:\/\/api.w.org\/{rel}","templated":true}]}}